{"id":103,"date":"2025-03-18T18:05:25","date_gmt":"2025-03-18T18:05:25","guid":{"rendered":"https:\/\/rettetgaza.de\/?page_id=103"},"modified":"2025-03-19T21:33:42","modified_gmt":"2025-03-19T21:33:42","slug":"contact-us","status":"publish","type":"page","link":"https:\/\/rettetgaza.de\/de\/contact-us\/","title":{"rendered":"Kontakt"},"content":{"rendered":"<div style=\"height:48px\" aria-hidden=\"true\" class=\"wp-block-spacer\"><\/div>\n\n\n\n<h2 class=\"wp-block-heading is-style-asterisk\">Kontakt<\/h2>\n\n\n\n<p>Eine bessere Zukunft f\u00fcr Pal\u00e4stinenser:innen ist m\u00f6glich. Kontaktiere uns um mehr \u00fcber unsere Mission und unsere Arbeit zu erfahren oder um selbst aktiv zu werden. Schreib uns gerne eine Nachricht \u00fcber das folgende Formular oder per Email.<\/p>\n\n\n\n<p>\u2709\ufe0f  <a href=\"mailto:rettet_gaza_kn@mailbox.org\">rettet_gaza_kn@mailbox.org<\/a><\/p>\n\n\n\n<div class=\"forminator-guttenberg\"><div class=\"forminator-ui forminator-custom-form forminator-custom-form-85 forminator-design--flat  forminator_ajax\" data-forminator-render=\"0\" data-form=\"forminator-module-85\" data-uid=\"69fb24b82ba0b\"><br\/><\/div><form\n\t\t\t\tid=\"forminator-module-85\"\n\t\t\t\tclass=\"forminator-ui forminator-custom-form forminator-custom-form-85 forminator-design--flat  forminator_ajax\"\n\t\t\t\tmethod=\"post\"\n\t\t\t\tdata-forminator-render=\"0\"\n\t\t\t\tdata-form-id=\"85\"\n\t\t\t\t data-color-option=\"theme\" data-design=\"flat\" data-grid=\"open\" style=\"display: none;\"\n\t\t\t\tdata-uid=\"69fb24b82ba0b\" action=\"\"\n\t\t\t><div role=\"alert\" aria-live=\"polite\" class=\"forminator-response-message forminator-error\" aria-hidden=\"true\"><\/div><div class=\"forminator-row\"><div id=\"name-1\" class=\"forminator-field-name forminator-col forminator-col-12\"><div class=\"forminator-field\"><label for=\"forminator-field-name-1_69fb24b82ba0b\" id=\"forminator-field-name-1_69fb24b82ba0b-label\" class=\"forminator-label\">Name <span class=\"forminator-required\">*<\/span><\/label><input type=\"text\" name=\"name-1\" value=\"\" placeholder=\"z.B. Hind\" id=\"forminator-field-name-1_69fb24b82ba0b\" class=\"forminator-input forminator-name--field\" aria-required=\"true\" autocomplete=\"name\" \/><\/div><\/div><\/div><div class=\"forminator-row\"><div id=\"email-1\" class=\"forminator-field-email forminator-col forminator-col-12\"><div class=\"forminator-field\"><label for=\"forminator-field-email-1_69fb24b82ba0b\" id=\"forminator-field-email-1_69fb24b82ba0b-label\" class=\"forminator-label\">Email Adresse <span class=\"forminator-required\">*<\/span><\/label><input type=\"email\" name=\"email-1\" value=\"\" placeholder=\"z.B. hind@rajab.com\" id=\"forminator-field-email-1_69fb24b82ba0b\" class=\"forminator-input forminator-email--field\" data-required=\"true\" aria-required=\"true\" autocomplete=\"email\" \/><\/div><\/div><\/div><div class=\"forminator-row\"><div id=\"phone-1\" class=\"forminator-field-phone forminator-col forminator-col-12\"><div class=\"forminator-field\"><label for=\"forminator-field-phone-1_69fb24b82ba0b\" id=\"forminator-field-phone-1_69fb24b82ba0b-label\" class=\"forminator-label\">Telefonnummer<\/label><input type=\"text\" name=\"phone-1\" value=\"\" placeholder=\"z.B. +1 3004005000\" id=\"forminator-field-phone-1_69fb24b82ba0b\" class=\"forminator-input forminator-field--phone\" data-required=\"\" aria-required=\"false\" autocomplete=\"off\" \/><\/div><\/div><\/div><div class=\"forminator-row\"><div id=\"textarea-1\" class=\"forminator-field-textarea forminator-col forminator-col-12\"><div class=\"forminator-field\"><label for=\"forminator-field-textarea-1_69fb24b82ba0b\" id=\"forminator-field-textarea-1_69fb24b82ba0b-label\" class=\"forminator-label\">Nachricht<\/label><span id=\"forminator-field-textarea-1_69fb24b82ba0b-description\" class=\"forminator-description\"><span data-limit=\"180\" data-type=\"characters\" data-editor=\"\">0 \/ 180<\/span><\/span><textarea name=\"textarea-1\" placeholder=\"Gebe deine Nachricht ein...\" id=\"forminator-field-textarea-1_69fb24b82ba0b\" class=\"forminator-textarea\" rows=\"6\" style=\"--forminator-textarea-min-height:140px;\" maxlength=\"180\" ><\/textarea><\/div><\/div><\/div><input type=\"hidden\" name=\"referer_url\" value=\"\" \/><div class=\"forminator-row forminator-row-last\"><div class=\"forminator-col\"><div class=\"forminator-field\"><button class=\"forminator-button forminator-button-submit\">Nachricht abschicken<\/button><\/div><\/div><\/div><input type=\"hidden\" id=\"forminator_nonce\" name=\"forminator_nonce\" value=\"cca23c3735\" \/><input type=\"hidden\" name=\"_wp_http_referer\" value=\"\/de\/wp-json\/wp\/v2\/pages\/103\" \/><input type=\"hidden\" name=\"form_id\" value=\"85\"><input type=\"hidden\" name=\"page_id\" value=\"103\"><input type=\"hidden\" name=\"form_type\" value=\"default\"><input type=\"hidden\" name=\"current_url\" value=\"https:\/\/rettetgaza.de\/de\/contact-us\/\"><input type=\"hidden\" name=\"render_id\" value=\"0\"><input type=\"hidden\" name=\"action\" value=\"forminator_submit_form_custom-forms\"><input type=\"hidden\" name=\"trp-form-language\" value=\"de\"\/><\/form><\/div>\n\n\n\n<div style=\"height:var(--wp--preset--spacing--30)\" aria-hidden=\"true\" class=\"wp-block-spacer\"><\/div>","protected":false},"excerpt":{"rendered":"<p>Contact us A better future for Palestinians is possible. Contact us to learn more about our mission and work or to get involved yourself. Feel free to leave us a message below or reach out via email. \u2709\ufe0f rettet_gaza_kn@mailbox.org<\/p>","protected":false},"author":1,"featured_media":0,"parent":0,"menu_order":0,"comment_status":"closed","ping_status":"closed","template":"","meta":{"jetpack_post_was_ever_published":false,"footnotes":""},"class_list":["post-103","page","type-page","status-publish","hentry"],"jetpack_sharing_enabled":true,"_links":{"self":[{"href":"https:\/\/rettetgaza.de\/de\/wp-json\/wp\/v2\/pages\/103","targetHints":{"allow":["GET"]}}],"collection":[{"href":"https:\/\/rettetgaza.de\/de\/wp-json\/wp\/v2\/pages"}],"about":[{"href":"https:\/\/rettetgaza.de\/de\/wp-json\/wp\/v2\/types\/page"}],"author":[{"embeddable":true,"href":"https:\/\/rettetgaza.de\/de\/wp-json\/wp\/v2\/users\/1"}],"replies":[{"embeddable":true,"href":"https:\/\/rettetgaza.de\/de\/wp-json\/wp\/v2\/comments?post=103"}],"version-history":[{"count":7,"href":"https:\/\/rettetgaza.de\/de\/wp-json\/wp\/v2\/pages\/103\/revisions"}],"predecessor-version":[{"id":179,"href":"https:\/\/rettetgaza.de\/de\/wp-json\/wp\/v2\/pages\/103\/revisions\/179"}],"wp:attachment":[{"href":"https:\/\/rettetgaza.de\/de\/wp-json\/wp\/v2\/media?parent=103"}],"curies":[{"name":"wp","href":"https:\/\/api.w.org\/{rel}","templated":true}]}}