{"id":171,"date":"2025-03-19T21:16:28","date_gmt":"2025-03-19T21:16:28","guid":{"rendered":"https:\/\/rettetgaza.de\/?page_id=171"},"modified":"2026-02-21T12:40:40","modified_gmt":"2026-02-21T12:40:40","slug":"impressum","status":"publish","type":"page","link":"https:\/\/rettetgaza.de\/de\/impressum\/","title":{"rendered":"Impressum"},"content":{"rendered":"<div style=\"height:48px\" aria-hidden=\"true\" class=\"wp-block-spacer\"><\/div>\n\n\n\n<h2 class=\"wp-block-heading is-style-asterisk\">Impressum<\/h2>\n\n\n\n<p><strong>Informationen gem\u00e4\u00df \u00a75 TMG<\/strong><br>Ahmed Alsamaraye<br>Franz-Liszt-Stra\u00dfe 1<br>78464 Konstanz<\/p>\n\n\n\n<p><strong>Kontakt<\/strong><br>Telefonnummer: +4917670320747<br>Email: rettet_gaza_kn@mailbox.org<\/p>\n\n\n\n<p><strong>Verantwortlich f\u00fcr den Inhalt gem\u00e4\u00df \u00a718 (2) MStV<\/strong><br>Ismail Shoukry<\/p>\n\n\n\n<div style=\"height:var(--wp--preset--spacing--60)\" aria-hidden=\"true\" class=\"wp-block-spacer\"><\/div>","protected":false},"excerpt":{"rendered":"<p>Impressum Information according to \u00a7 5 TMGAhmed AlsamarayeFranz-Liszt-Stra\u00dfe 178464 Konstanz ContactPhone: +4917670320747Email: rettet_gaza_kn@mailbox.org Responsible for content according to \u00a7 18 (2) MStVIsmail Shoukry<\/p>","protected":false},"author":1,"featured_media":0,"parent":0,"menu_order":0,"comment_status":"closed","ping_status":"closed","template":"","meta":{"jetpack_post_was_ever_published":false,"footnotes":""},"class_list":["post-171","page","type-page","status-publish","hentry"],"jetpack_sharing_enabled":true,"_links":{"self":[{"href":"https:\/\/rettetgaza.de\/de\/wp-json\/wp\/v2\/pages\/171","targetHints":{"allow":["GET"]}}],"collection":[{"href":"https:\/\/rettetgaza.de\/de\/wp-json\/wp\/v2\/pages"}],"about":[{"href":"https:\/\/rettetgaza.de\/de\/wp-json\/wp\/v2\/types\/page"}],"author":[{"embeddable":true,"href":"https:\/\/rettetgaza.de\/de\/wp-json\/wp\/v2\/users\/1"}],"replies":[{"embeddable":true,"href":"https:\/\/rettetgaza.de\/de\/wp-json\/wp\/v2\/comments?post=171"}],"version-history":[{"count":4,"href":"https:\/\/rettetgaza.de\/de\/wp-json\/wp\/v2\/pages\/171\/revisions"}],"predecessor-version":[{"id":519,"href":"https:\/\/rettetgaza.de\/de\/wp-json\/wp\/v2\/pages\/171\/revisions\/519"}],"wp:attachment":[{"href":"https:\/\/rettetgaza.de\/de\/wp-json\/wp\/v2\/media?parent=171"}],"curies":[{"name":"wp","href":"https:\/\/api.w.org\/{rel}","templated":true}]}}